{"id":761,"date":"2020-10-03T14:06:35","date_gmt":"2020-10-03T14:06:35","guid":{"rendered":"https:\/\/eledecolombia.com.co\/wordpress\/?page_id=761"},"modified":"2025-11-19T15:45:22","modified_gmt":"2025-11-19T15:45:22","slug":"gestion-de-residuos-2-2","status":"publish","type":"page","link":"https:\/\/eledecolombia.com.co\/wordpress\/gestion-de-residuos-2-2\/","title":{"rendered":"Gesti\u00f3n de residuos"},"content":{"rendered":"\n<p class=\"\"><\/p>\n\n\n\n<div class=\"nfd-container nfd-p-lg  nfd-wb-features__features-5 is-style-nfd-theme-white wp-block-group has-global-padding is-layout-constrained wp-block-group-is-layout-constrained\" style=\"margin-top:0;margin-bottom:0;padding-top:var(--wp--preset--spacing--30);padding-bottom:var(--wp--preset--spacing--30)\">\n<h2 class=\"nfd-text-xl nfd-text-contrast nfd-text-balance wp-block-heading has-primary-color has-text-color has-link-color has-big-font-size wp-elements-f2619b038fe8af9ce33da81288464261\" style=\"font-style:normal;font-weight:1000\">Recolecci\u00f3n de residuos aprovechable<\/h2>\n\n\n\n<div class=\"nfd-text-base nfd-gap-3xl wp-block-columns are-vertically-aligned-center is-layout-flex wp-container-core-columns-is-layout-28f84493 wp-block-columns-is-layout-flex\">\n<div class=\"md:nfd-order-2 nfd-text-md wp-block-column is-vertically-aligned-center is-layout-flow wp-container-core-column-is-layout-8eebadab wp-block-column-is-layout-flow\" style=\"flex-basis:50%\">\n<div class=\"nfd-gap-lg wp-block-group is-vertical is-layout-flex wp-container-core-group-is-layout-fe9cc265 wp-block-group-is-layout-flex\">\n<p class=\"nfd-text-balance\">Generamos impacto ambiental positivo junto a nuestros aliados mediante el intercambio y adquisici\u00f3n de residuos aprovechables<\/p>\n\n\n\n<p class=\"nfd-text-balance\">Contactenos:<\/p>\n\n\n<div class=\"wpforms-container wpforms-container-full wpforms-block wpforms-block-e34e3579-72f6-44af-9a94-11ffd31312b3\" id=\"wpforms-791\"><form id=\"wpforms-form-791\" class=\"wpforms-validate wpforms-form\" data-formid=\"791\" method=\"post\" enctype=\"multipart\/form-data\" action=\"\/wordpress\/wp-json\/wp\/v2\/pages\/761\" data-token=\"56f0ef6f2e6e33c8c71abc5ae2e0eaf2\" data-token-time=\"1778702503\"><noscript class=\"wpforms-error-noscript\">Por favor, activa JavaScript en tu navegador para completar este formulario.<\/noscript><div class=\"wpforms-field-container\"><div id=\"wpforms-791-field_2-container\" class=\"wpforms-field wpforms-field-name\" data-field-id=\"2\"><label class=\"wpforms-field-label\" for=\"wpforms-791-field_2\">Empresa  <span class=\"wpforms-required-label\">*<\/span><\/label><input type=\"text\" id=\"wpforms-791-field_2\" class=\"wpforms-field-medium wpforms-field-required\" name=\"wpforms[fields][2]\" required><\/div><div id=\"wpforms-791-field_3-container\" class=\"wpforms-field wpforms-field-number\" data-field-id=\"3\"><label class=\"wpforms-field-label\" for=\"wpforms-791-field_3\">Tel\u00e9fono de contacto<\/label><input type=\"number\" id=\"wpforms-791-field_3\" class=\"wpforms-field-medium\" name=\"wpforms[fields][3]\" step=\"any\" ><\/div><div id=\"wpforms-791-field_5-container\" class=\"wpforms-field wpforms-field-email\" data-field-id=\"5\"><label class=\"wpforms-field-label\" for=\"wpforms-791-field_5\">Email <span class=\"wpforms-required-label\">*<\/span><\/label><input type=\"email\" id=\"wpforms-791-field_5\" class=\"wpforms-field-medium wpforms-field-required\" name=\"wpforms[fields][5]\" spellcheck=\"false\" required><\/div><div id=\"wpforms-791-field_6-container\" class=\"wpforms-field wpforms-field-textarea\" data-field-id=\"6\"><label class=\"wpforms-field-label\" for=\"wpforms-791-field_6\">Residuos a recolectar <span class=\"wpforms-required-label\">*<\/span><\/label><textarea id=\"wpforms-791-field_6\" class=\"wpforms-field-medium wpforms-field-required\" name=\"wpforms[fields][6]\" required><\/textarea><div class=\"wpforms-field-description\">Escriba aqu\u00ed una peque\u00f1a descripci\u00f3n de las cantidades, el tipo de residuo y la fecha estimada en la que desea el servicio<\/div><\/div><\/div><!-- .wpforms-field-container --><div class=\"wpforms-submit-container\" ><input type=\"hidden\" name=\"wpforms[id]\" value=\"791\"><input type=\"hidden\" name=\"page_title\" value=\"\"><input type=\"hidden\" name=\"page_url\" value=\"https:\/\/eledecolombia.com.co\/wordpress\/wp-json\/wp\/v2\/pages\/761\"><input type=\"hidden\" name=\"url_referer\" value=\"\"><button type=\"submit\" name=\"wpforms[submit]\" id=\"wpforms-submit-791\" class=\"wpforms-submit\" data-alt-text=\"Sending...\" data-submit-text=\"Submit\" aria-live=\"assertive\" value=\"wpforms-submit\">Submit<\/button><\/div><\/form><\/div>  <!-- .wpforms-container --><\/div>\n<\/div>\n\n\n\n<div class=\"wp-block-column is-vertically-aligned-center is-layout-flow wp-container-core-column-is-layout-8a368f38 wp-block-column-is-layout-flow\" style=\"flex-basis:50%\">\n<div class=\"nfd-grid nfd-grid-cols-9 nfd-grid-rows-1 nfd-items-center wp-block-group is-layout-flow wp-container-core-group-is-layout-a77db08e wp-block-group-is-layout-flow\">\n<figure class=\"nfd-col-start-5 nfd-col-end-13 nfd-row-start-1 nfd-border-bg nfd-rounded wp-block-image size-large is-resized has-custom-border\"><img loading=\"lazy\" decoding=\"async\" width=\"1024\" height=\"575\" src=\"https:\/\/eledecolombia.com.co\/wordpress\/wp-content\/uploads\/WhatsApp-Image-2020-12-29-at-3.59.48-PM-1024x575.jpg\" alt=\"\" class=\"wp-image-1614\" style=\"border-left-width:3px;aspect-ratio:0.6666666666666666;object-fit:cover;width:369px;height:auto\" srcset=\"https:\/\/eledecolombia.com.co\/wordpress\/wp-content\/uploads\/WhatsApp-Image-2020-12-29-at-3.59.48-PM-1024x575.jpg 1024w, https:\/\/eledecolombia.com.co\/wordpress\/wp-content\/uploads\/WhatsApp-Image-2020-12-29-at-3.59.48-PM-300x169.jpg 300w, https:\/\/eledecolombia.com.co\/wordpress\/wp-content\/uploads\/WhatsApp-Image-2020-12-29-at-3.59.48-PM-768x431.jpg 768w, https:\/\/eledecolombia.com.co\/wordpress\/wp-content\/uploads\/WhatsApp-Image-2020-12-29-at-3.59.48-PM-18x10.jpg 18w, https:\/\/eledecolombia.com.co\/wordpress\/wp-content\/uploads\/WhatsApp-Image-2020-12-29-at-3.59.48-PM-600x337.jpg 600w, https:\/\/eledecolombia.com.co\/wordpress\/wp-content\/uploads\/WhatsApp-Image-2020-12-29-at-3.59.48-PM.jpg 1280w\" sizes=\"auto, (max-width: 1024px) 100vw, 1024px\" \/><\/figure>\n<\/div>\n<\/div>\n<\/div>\n<\/div>\n\n\n\n<div class=\"wp-block-group has-primary-background-color has-background has-global-padding is-layout-constrained wp-block-group-is-layout-constrained\">\n<div style=\"height:31px\" aria-hidden=\"true\" class=\"wp-block-spacer\"><\/div>\n\n\n\n<div class=\"nfd-gap-xl wp-block-columns has-primary-background-color has-background is-layout-flex wp-container-core-columns-is-layout-5fc46bc9 wp-block-columns-is-layout-flex\" style=\"margin-top:0;margin-bottom:0;padding-top:0;padding-right:0;padding-bottom:0;padding-left:0\">\n<div class=\"wp-block-column is-layout-flow wp-block-column-is-layout-flow\">\n<div class=\"nfd-gap-4xl wp-block-group has-global-padding is-layout-constrained wp-block-group-is-layout-constrained\">\n<div class=\"nfd-gap-xl wp-block-group nfd-wb-animate nfd-wb-fade-in-bottom-short has-global-padding is-layout-constrained wp-block-group-is-layout-constrained\">\n<div class=\"wp-block-group alignfull has-global-padding is-layout-constrained wp-block-group-is-layout-constrained\" style=\"padding-top:0;padding-bottom:0\">\n<figure class=\"is-style-default wp-block-image aligncenter size-full is-resized has-custom-border nfd-wb-animate nfd-wb-twist-in nfd-delay-150\" style=\"margin-top:0;margin-right:0;margin-bottom:0;margin-left:0\"><img loading=\"lazy\" decoding=\"async\" width=\"2214\" height=\"2560\" src=\"https:\/\/eledecolombia.com.co\/wordpress\/wp-content\/uploads\/1-25-scaled.png\" alt=\"\" class=\"wp-image-4201\" style=\"border-style:none;border-width:0px;width:123px;height:auto\" srcset=\"https:\/\/eledecolombia.com.co\/wordpress\/wp-content\/uploads\/1-25-scaled.png 2214w, https:\/\/eledecolombia.com.co\/wordpress\/wp-content\/uploads\/1-25-259x300.png 259w, https:\/\/eledecolombia.com.co\/wordpress\/wp-content\/uploads\/1-25-886x1024.png 886w, https:\/\/eledecolombia.com.co\/wordpress\/wp-content\/uploads\/1-25-768x888.png 768w, https:\/\/eledecolombia.com.co\/wordpress\/wp-content\/uploads\/1-25-1328x1536.png 1328w, https:\/\/eledecolombia.com.co\/wordpress\/wp-content\/uploads\/1-25-1771x2048.png 1771w\" sizes=\"auto, (max-width: 2214px) 100vw, 2214px\" \/><\/figure>\n<\/div>\n<\/div>\n<\/div>\n<\/div>\n\n\n\n<div class=\"wp-block-column is-layout-flow wp-block-column-is-layout-flow\">\n<div class=\"wp-block-group alignfull has-global-padding is-layout-constrained wp-block-group-is-layout-constrained\">\n<figure class=\"is-style-default wp-block-image aligncenter size-full is-resized has-custom-border nfd-wb-animate nfd-wb-twist-in nfd-delay-150\" style=\"margin-top:0;margin-right:0;margin-bottom:0;margin-left:0\"><img loading=\"lazy\" decoding=\"async\" width=\"1907\" height=\"2380\" src=\"https:\/\/eledecolombia.com.co\/wordpress\/wp-content\/uploads\/2-24.png\" alt=\"\" class=\"wp-image-4202\" style=\"border-style:none;border-width:0px;width:117px;height:auto\" srcset=\"https:\/\/eledecolombia.com.co\/wordpress\/wp-content\/uploads\/2-24.png 1907w, https:\/\/eledecolombia.com.co\/wordpress\/wp-content\/uploads\/2-24-240x300.png 240w, https:\/\/eledecolombia.com.co\/wordpress\/wp-content\/uploads\/2-24-820x1024.png 820w, https:\/\/eledecolombia.com.co\/wordpress\/wp-content\/uploads\/2-24-768x958.png 768w, https:\/\/eledecolombia.com.co\/wordpress\/wp-content\/uploads\/2-24-1231x1536.png 1231w, https:\/\/eledecolombia.com.co\/wordpress\/wp-content\/uploads\/2-24-1641x2048.png 1641w\" sizes=\"auto, (max-width: 1907px) 100vw, 1907px\" \/><\/figure>\n<\/div>\n<\/div>\n\n\n\n<div class=\"wp-block-column is-layout-flow wp-block-column-is-layout-flow\">\n<div class=\"wp-block-group alignfull has-global-padding is-layout-constrained wp-block-group-is-layout-constrained\" style=\"margin-top:0;margin-bottom:0\">\n<figure class=\"is-style-default wp-block-image aligncenter size-full is-resized has-custom-border nfd-wb-animate nfd-wb-twist-in nfd-delay-150\" style=\"margin-top:0;margin-right:0;margin-bottom:0;margin-left:0\"><img loading=\"lazy\" decoding=\"async\" width=\"2224\" height=\"2560\" src=\"https:\/\/eledecolombia.com.co\/wordpress\/wp-content\/uploads\/3-22-scaled.png\" alt=\"\" class=\"wp-image-4203\" style=\"border-style:none;border-width:0px;width:122px;height:auto\" srcset=\"https:\/\/eledecolombia.com.co\/wordpress\/wp-content\/uploads\/3-22-scaled.png 2224w, https:\/\/eledecolombia.com.co\/wordpress\/wp-content\/uploads\/3-22-261x300.png 261w, https:\/\/eledecolombia.com.co\/wordpress\/wp-content\/uploads\/3-22-890x1024.png 890w, https:\/\/eledecolombia.com.co\/wordpress\/wp-content\/uploads\/3-22-768x884.png 768w, https:\/\/eledecolombia.com.co\/wordpress\/wp-content\/uploads\/3-22-1334x1536.png 1334w, https:\/\/eledecolombia.com.co\/wordpress\/wp-content\/uploads\/3-22-1779x2048.png 1779w\" sizes=\"auto, (max-width: 2224px) 100vw, 2224px\" \/><\/figure>\n<\/div>\n<\/div>\n<\/div>\n\n\n\n<div style=\"height:13px\" aria-hidden=\"true\" class=\"wp-block-spacer\"><\/div>\n<\/div>\n\n\n\n<div class=\"nfd-gap-3xl wp-block-group is-vertical is-content-justification-stretch is-layout-flex wp-container-core-group-is-layout-353c4f5a wp-block-group-is-layout-flex\">\n<div class=\"nfd-gap-xl wp-block-columns is-layout-flex wp-container-core-columns-is-layout-81213e5a wp-block-columns-is-layout-flex\" style=\"margin-top:0;margin-bottom:0\">\n<div class=\"wp-block-column is-layout-flow wp-block-column-is-layout-flow\">\n<div class=\"nfd-gap-md wp-block-group is-vertical is-content-justification-center is-layout-flex wp-container-core-group-is-layout-7082cadc wp-block-group-is-layout-flex\">\n<h3 class=\"nfd-text-lg nfd-text-primary wp-block-heading has-text-align-center has-primary-color has-text-color has-link-color has-large-font-size wp-elements-e2b7685b526d4b1bd3ec5a4806d07dd9\" style=\"font-style:normal;font-weight:1000\">Gesti\u00f3n de centros de acopio<\/h3>\n\n\n\n<p class=\"\"><\/p>\n\n\n\n<p class=\"nfd-text-balance nfd-text-faded nfd-text-md has-text-align-center has-medium-font-size\">Brindamos un servicio in-house que incluye maquinaria industrial para la gesti\u00f3n eficiente de residuos, personal altamente capacitado y un sistema integral de tabulaci\u00f3n, certificaci\u00f3n e informes, garantizando control y trazabilidad en cada etapa del proceso.<\/p>\n<\/div>\n<\/div>\n\n\n\n<div class=\"wp-block-column is-layout-flow wp-block-column-is-layout-flow\">\n<div class=\"nfd-gap-md wp-block-group is-vertical is-content-justification-center is-layout-flex wp-container-core-group-is-layout-ce155fab wp-block-group-is-layout-flex\">\n<h2 class=\"nfd-text-lg nfd-text-primary wp-block-heading has-text-align-center has-primary-color has-text-color has-link-color has-large-font-size wp-elements-6af4ad0184769d92505de20b0b0a755c\" style=\"font-style:normal;font-weight:1000\">Destrucci\u00f3n y disposici\u00f3n de archivos inactivos<\/h2>\n<\/div>\n\n\n\n<p class=\"\"><\/p>\n\n\n\n<div class=\"nfd-gap-md wp-block-group is-vertical is-content-justification-center is-layout-flex wp-container-core-group-is-layout-ce155fab wp-block-group-is-layout-flex\">\n<p class=\"nfd-text-balance nfd-text-faded nfd-text-md has-text-align-center has-medium-font-size\">Brindamos un servicio seguro y confiable para la destrucci\u00f3n de archivos inactivos, asegurando la eliminaci\u00f3n total de la informaci\u00f3n, pero aprovechando el papel de manera responsable. Adem\u00e1s, proporcionamos registro en video y certificaci\u00f3n del proceso para mayor transparencia y confianza.<\/p>\n<\/div>\n<\/div>\n\n\n\n<div class=\"wp-block-column is-layout-flow wp-block-column-is-layout-flow\">\n<div class=\"nfd-gap-md wp-block-group is-vertical is-content-justification-center is-layout-flex wp-container-core-group-is-layout-ce155fab wp-block-group-is-layout-flex\">\n<h3 class=\"nfd-text-lg nfd-text-primary wp-block-heading has-text-align-center has-primary-color has-text-color has-link-color has-large-font-size wp-elements-082e723125d9faa0d60f4cc68adc2ad2\" style=\"font-style:normal;font-weight:1000\">Gesti\u00f3n de residuos peligrosos, especiales y destrucci\u00f3n de marca<\/h3>\n\n\n\n<p class=\"nfd-text-balance nfd-text-faded nfd-text-md has-text-align-center has-medium-font-size\">A trav\u00e9s de nuestros aliados estrat\u00e9gicos, ofrecemos una gesti\u00f3n segura y responsable para la disposici\u00f3n de residuos peligrosos y especiales, as\u00ed como la destrucci\u00f3n de marca mediante incineraci\u00f3n controlada o separaci\u00f3n de materiales aprovechables, garantizando cumplimiento normativo y sostenible.<br><br><\/p>\n<\/div>\n<\/div>\n<\/div>\n<\/div>\n\n\n\n<div class=\"wp-block-group has-background has-global-padding is-layout-constrained wp-block-group-is-layout-constrained\" style=\"background-color:#3ceea7\">\n<div class=\"nfd-container nfd-p-lg nfd-wb-team__team-1 is-style-default wp-block-group has-primary-background-color has-background has-global-padding is-layout-constrained wp-block-group-is-layout-constrained\" style=\"padding-top:var(--wp--preset--spacing--50);padding-bottom:var(--wp--preset--spacing--50)\">\n<h2 class=\"wp-block-heading has-text-align-center has-base-color has-text-color has-link-color has-extra-large-font-size wp-elements-259577b35cea65a3fbfe91970bcc4a22\"><strong>&#8220;La tierra no es una herencia de nuestros padres, sino un pr\u00e9stamo de nuestros hijos.&#8221;<\/strong>.<\/h2>\n\n\n\n<p class=\"\"><\/p>\n\n\n\n<div class=\"nfd-gap-y-2xl wp-block-columns are-vertically-aligned-top is-layout-flex wp-container-core-columns-is-layout-28f84493 wp-block-columns-is-layout-flex\">\n<div class=\"wp-block-column is-vertically-aligned-top is-layout-flow wp-container-core-column-is-layout-8a368f38 wp-block-column-is-layout-flow\">\n<figure class=\"nfd-rounded-sm wp-block-image aligncenter size-large is-resized nfd-wb-animate nfd-wb-zoom-in-short\"><img loading=\"lazy\" decoding=\"async\" width=\"616\" height=\"1024\" src=\"https:\/\/eledecolombia.com.co\/wordpress\/wp-content\/uploads\/icono-1-1-616x1024.png\" alt=\"\" class=\"wp-image-4194\" style=\"width:78px;height:auto\" srcset=\"https:\/\/eledecolombia.com.co\/wordpress\/wp-content\/uploads\/icono-1-1-616x1024.png 616w, https:\/\/eledecolombia.com.co\/wordpress\/wp-content\/uploads\/icono-1-1-180x300.png 180w, https:\/\/eledecolombia.com.co\/wordpress\/wp-content\/uploads\/icono-1-1-768x1277.png 768w, https:\/\/eledecolombia.com.co\/wordpress\/wp-content\/uploads\/icono-1-1-924x1536.png 924w, https:\/\/eledecolombia.com.co\/wordpress\/wp-content\/uploads\/icono-1-1-1232x2048.png 1232w, https:\/\/eledecolombia.com.co\/wordpress\/wp-content\/uploads\/icono-1-1-scaled.png 1540w\" sizes=\"auto, (max-width: 616px) 100vw, 616px\" \/><\/figure>\n\n\n\n<div class=\"nfd-gap-0 wp-block-group has-global-padding is-layout-constrained wp-container-core-group-is-layout-485824cd wp-block-group-is-layout-constrained\">\n<div class=\"nfd-gap-sm wp-block-group is-vertical is-content-justification-stretch is-layout-flex wp-container-core-group-is-layout-353c4f5a wp-block-group-is-layout-flex\">\n<div class=\"nfd-relative nfd-gap-0 nfd-pt-xs -nfd-top-0.5 nfd-border-primary wp-block-group is-vertical is-content-justification-stretch is-layout-flex wp-container-core-group-is-layout-353c4f5a wp-block-group-is-layout-flex\">\n<p class=\"nfd-text-primary nfd-text-md has-text-align-center has-base-color has-text-color has-link-color nfd-wb-animate nfd-wb-fade-in-bottom-short wp-elements-ec2fc9dfcdb8e4b691906d9527f7cad8\"><strong>\u00bfEs tu primera vez con nosotros?<\/strong><\/p>\n\n\n\n<p class=\"nfd-text-base has-text-align-left\"><\/p>\n<\/div>\n\n\n\n<div class=\"nfd-text-pretty nfd-text-sm wp-block-group is-vertical is-content-justification-stretch is-layout-flex wp-container-core-group-is-layout-353c4f5a wp-block-group-is-layout-flex\">\n<p class=\"nfd-text-faded has-text-align-center has-border-color-color has-text-color has-link-color nfd-wb-animate nfd-wb-reveal-right wp-elements-00115a658173c96475132e1ead79058e\">Para agendar una recolecci\u00f3n o traer material a nuestras instalaciones,<strong> primero debes estar registrado como cliente<\/strong>. Te notificaremos por correo cuando est\u00e9s listo y te compartiremos los datos para coordinar la entrega. \u00a1As\u00ed de f\u00e1cil!<\/p>\n<\/div>\n\n\n\n<div style=\"height:0px\" aria-hidden=\"true\" class=\"wp-block-spacer wp-container-content-9760934e\"><\/div>\n<\/div>\n<\/div>\n<\/div>\n\n\n\n<div class=\"wp-block-column is-vertically-aligned-top is-layout-flow wp-container-core-column-is-layout-8a368f38 wp-block-column-is-layout-flow\">\n<figure class=\"nfd-rounded-sm wp-block-image aligncenter size-large is-resized nfd-wb-animate nfd-wb-zoom-in-short\"><img loading=\"lazy\" decoding=\"async\" width=\"1024\" height=\"885\" src=\"https:\/\/eledecolombia.com.co\/wordpress\/wp-content\/uploads\/icono-2-1-1024x885.png\" alt=\"\" class=\"wp-image-4195\" style=\"width:157px;height:auto\" srcset=\"https:\/\/eledecolombia.com.co\/wordpress\/wp-content\/uploads\/icono-2-1-1024x885.png 1024w, https:\/\/eledecolombia.com.co\/wordpress\/wp-content\/uploads\/icono-2-1-300x259.png 300w, https:\/\/eledecolombia.com.co\/wordpress\/wp-content\/uploads\/icono-2-1-768x663.png 768w, https:\/\/eledecolombia.com.co\/wordpress\/wp-content\/uploads\/icono-2-1-1536x1327.png 1536w, https:\/\/eledecolombia.com.co\/wordpress\/wp-content\/uploads\/icono-2-1-2048x1769.png 2048w\" sizes=\"auto, (max-width: 1024px) 100vw, 1024px\" \/><\/figure>\n\n\n\n<div class=\"nfd-gap-0 wp-block-group has-global-padding is-layout-constrained wp-container-core-group-is-layout-485824cd wp-block-group-is-layout-constrained\">\n<div class=\"nfd-gap-sm wp-block-group is-vertical is-content-justification-stretch is-layout-flex wp-container-core-group-is-layout-353c4f5a wp-block-group-is-layout-flex\">\n<div class=\"nfd-relative nfd-gap-0 nfd-pt-xs -nfd-top-0.5 nfd-border-primary wp-block-group is-vertical is-content-justification-stretch is-layout-flex wp-container-core-group-is-layout-353c4f5a wp-block-group-is-layout-flex\">\n<p class=\"nfd-text-primary nfd-text-md has-text-align-center has-base-color has-text-color has-link-color wp-elements-a69aff0851c0a0067e9a7f9f84075ae5\"><strong>Peso m\u00ednimo para Bogot\u00e1: 300 kg<\/strong><\/p>\n\n\n\n<p class=\"nfd-text-base has-text-align-left\"><\/p>\n<\/div>\n\n\n\n<div class=\"nfd-text-pretty nfd-text-sm wp-block-group is-vertical is-content-justification-stretch is-layout-flex wp-container-core-group-is-layout-353c4f5a wp-block-group-is-layout-flex\">\n<p class=\"nfd-text-faded has-text-align-center has-border-color-color has-text-color has-link-color nfd-wb-animate nfd-wb-reveal-right wp-elements-0742e62f565497761acb0d8ced285dc1\">Cumpliendo con el peso m\u00ednimo de los materiales principales (papel, pl\u00e1stico, cart\u00f3n y chatarra), se pueden incluir otros materiales aprovechables como vidrio, plegadiza, peri\u00f3dico y PET.<\/p>\n<\/div>\n\n\n\n<div style=\"height:0px\" aria-hidden=\"true\" class=\"wp-block-spacer wp-container-content-9760934e\"><\/div>\n<\/div>\n<\/div>\n<\/div>\n\n\n\n<div class=\"wp-block-column is-vertically-aligned-top is-layout-flow wp-container-core-column-is-layout-8a368f38 wp-block-column-is-layout-flow\">\n<figure class=\"nfd-rounded-sm wp-block-image aligncenter size-large is-resized nfd-wb-animate nfd-wb-zoom-in-short\"><img loading=\"lazy\" decoding=\"async\" width=\"1024\" height=\"1017\" src=\"https:\/\/eledecolombia.com.co\/wordpress\/wp-content\/uploads\/icono-3-1-1024x1017.png\" alt=\"\" class=\"wp-image-4196\" style=\"aspect-ratio:1;object-fit:cover;width:132px;height:auto\" srcset=\"https:\/\/eledecolombia.com.co\/wordpress\/wp-content\/uploads\/icono-3-1-1024x1017.png 1024w, https:\/\/eledecolombia.com.co\/wordpress\/wp-content\/uploads\/icono-3-1-300x298.png 300w, https:\/\/eledecolombia.com.co\/wordpress\/wp-content\/uploads\/icono-3-1-150x150.png 150w, https:\/\/eledecolombia.com.co\/wordpress\/wp-content\/uploads\/icono-3-1-768x762.png 768w, https:\/\/eledecolombia.com.co\/wordpress\/wp-content\/uploads\/icono-3-1-1536x1525.png 1536w, https:\/\/eledecolombia.com.co\/wordpress\/wp-content\/uploads\/icono-3-1-2048x2033.png 2048w, https:\/\/eledecolombia.com.co\/wordpress\/wp-content\/uploads\/icono-3-1-60x60.png 60w, https:\/\/eledecolombia.com.co\/wordpress\/wp-content\/uploads\/icono-3-1-80x80.png 80w, https:\/\/eledecolombia.com.co\/wordpress\/wp-content\/uploads\/icono-3-1-100x100.png 100w, https:\/\/eledecolombia.com.co\/wordpress\/wp-content\/uploads\/icono-3-1-120x120.png 120w, https:\/\/eledecolombia.com.co\/wordpress\/wp-content\/uploads\/icono-3-1-140x140.png 140w, https:\/\/eledecolombia.com.co\/wordpress\/wp-content\/uploads\/icono-3-1-200x200.png 200w\" sizes=\"auto, (max-width: 1024px) 100vw, 1024px\" \/><\/figure>\n\n\n\n<div class=\"nfd-gap-0 wp-block-group has-global-padding is-layout-constrained wp-container-core-group-is-layout-485824cd wp-block-group-is-layout-constrained\">\n<div class=\"nfd-gap-sm wp-block-group is-vertical is-content-justification-stretch is-layout-flex wp-container-core-group-is-layout-353c4f5a wp-block-group-is-layout-flex\">\n<div class=\"nfd-relative nfd-gap-0 nfd-pt-xs -nfd-top-0.5 nfd-border-primary wp-block-group is-vertical is-content-justification-stretch is-layout-flex wp-container-core-group-is-layout-353c4f5a wp-block-group-is-layout-flex\">\n<p class=\"nfd-text-primary nfd-text-md has-text-align-center has-base-color has-text-color has-link-color wp-elements-705aafd11eb07302515d88d6a5a7889b\"><strong>\u00bfComo hacer para solicitar tu recolecci\u00f3n?<\/strong><\/p>\n\n\n\n<p class=\"nfd-text-base has-text-align-left\"><\/p>\n<\/div>\n\n\n\n<div class=\"nfd-text-pretty nfd-text-sm wp-block-group is-vertical is-content-justification-stretch is-layout-flex wp-container-core-group-is-layout-353c4f5a wp-block-group-is-layout-flex\">\n<p class=\"nfd-text-faded has-text-align-center has-border-color-color has-text-color has-link-color nfd-wb-animate nfd-wb-reveal-right wp-elements-27928012dffcf5b441c702483d5c345c\">Env\u00edanos tu solicitud con ubicaci\u00f3n, tipo y cantidad de material, junto con fotos. Validaremos la informaci\u00f3n y te confirmaremos la programaci\u00f3n.<strong> Solic\u00edtala con al menos 3 a 5 d\u00edas h\u00e1biles de anticipaci\u00f3n.<\/strong><\/p>\n<\/div>\n\n\n\n<div style=\"height:0px\" aria-hidden=\"true\" class=\"wp-block-spacer wp-container-content-9760934e\"><\/div>\n<\/div>\n<\/div>\n<\/div>\n<\/div>\n<\/div>\n\n\n\n<p class=\"\"><\/p>\n<\/div>\n\n\n\n<p class=\"\"><strong>\u00bfNo cumples con el peso m\u00ednimo? \u00a1No te preocupes!<\/strong><\/p>\n\n\n\n<p class=\"\">Puedes entregar tu material en nuestra sede en&nbsp;<strong>Calle 22k # 103a \u2013 71, Fontib\u00f3n, Bogot\u00e1 D.C.<\/strong>, previa programaci\u00f3n.<\/p>\n\n\n\n<p class=\"\">\ud83d\udd39&nbsp;<strong>Recuerda:<\/strong>&nbsp;Siempre es necesario agendar la entrega con anticipaci\u00f3n.<br>\ud83d\udd39 El contacto para coordinar la entrega se compartir\u00e1 una vez est\u00e9s registrado como cliente.<\/p>\n\n\n\n<p class=\"\">\u00a1Te esperamos!&nbsp;<\/p>\n\n\n\n<h2 class=\"wp-block-heading has-text-align-center\">Horario de recepci\u00f3n de material \ud83d\udcc5 Lunes a viernes \ud83d\udd57 8:00 a.m. \u2013 12:00 m. | 2:00 p.m. \u2013 4:00 p.m.<\/h2>\n","protected":false},"excerpt":{"rendered":"<p>Recolecci\u00f3n de residuos aprovechable Generamos impacto ambiental positivo junto a nuestros aliados mediante el intercambio y adquisici\u00f3n de residuos aprovechables Contactenos: Gesti\u00f3n de centros de acopio Brindamos un servicio in-house que incluye maquinaria industrial para la gesti\u00f3n eficiente de residuos, personal altamente capacitado y un sistema integral de tabulaci\u00f3n, certificaci\u00f3n e informes, garantizando control y [&hellip;]<\/p>\n","protected":false},"author":1,"featured_media":0,"parent":0,"menu_order":0,"comment_status":"closed","ping_status":"closed","template":"","meta":{"nf_dc_page":"","om_disable_all_campaigns":false,"_monsterinsights_skip_tracking":false,"_monsterinsights_sitenote_active":false,"_monsterinsights_sitenote_note":"","_monsterinsights_sitenote_category":0,"footnotes":""},"class_list":["post-761","page","type-page","status-publish","hentry"],"_links":{"self":[{"href":"https:\/\/eledecolombia.com.co\/wordpress\/wp-json\/wp\/v2\/pages\/761","targetHints":{"allow":["GET"]}}],"collection":[{"href":"https:\/\/eledecolombia.com.co\/wordpress\/wp-json\/wp\/v2\/pages"}],"about":[{"href":"https:\/\/eledecolombia.com.co\/wordpress\/wp-json\/wp\/v2\/types\/page"}],"author":[{"embeddable":true,"href":"https:\/\/eledecolombia.com.co\/wordpress\/wp-json\/wp\/v2\/users\/1"}],"replies":[{"embeddable":true,"href":"https:\/\/eledecolombia.com.co\/wordpress\/wp-json\/wp\/v2\/comments?post=761"}],"version-history":[{"count":5,"href":"https:\/\/eledecolombia.com.co\/wordpress\/wp-json\/wp\/v2\/pages\/761\/revisions"}],"predecessor-version":[{"id":4204,"href":"https:\/\/eledecolombia.com.co\/wordpress\/wp-json\/wp\/v2\/pages\/761\/revisions\/4204"}],"wp:attachment":[{"href":"https:\/\/eledecolombia.com.co\/wordpress\/wp-json\/wp\/v2\/media?parent=761"}],"curies":[{"name":"wp","href":"https:\/\/api.w.org\/{rel}","templated":true}]}}